{"id":778,"date":"2024-01-15T08:35:01","date_gmt":"2024-01-15T08:35:01","guid":{"rendered":"https:\/\/jupiterx.artbees.net\/hospital\/?page_id=778"},"modified":"2024-01-15T08:40:40","modified_gmt":"2024-01-15T08:40:40","slug":"refund_returns","status":"publish","type":"page","link":"https:\/\/farmaciaflorida.gurumk.com\/?page_id=778","title":{"rendered":"Pol\u00edtica de cookies"},"content":{"rendered":"\t\t<div data-elementor-type=\"wp-page\" data-elementor-id=\"778\" class=\"elementor elementor-778\">\n\t\t\t\t\t\t\t<div class=\"elementor-element elementor-element-600d7188 e-flex e-con-boxed e-con e-parent\" data-id=\"600d7188\" data-element_type=\"container\" data-settings=\"{&quot;jet_parallax_layout_list&quot;:[],&quot;content_width&quot;:&quot;boxed&quot;}\" data-core-v316-plus=\"true\">\n\t\t\t\t\t<div class=\"e-con-inner\">\n\t\t\t\t<div class=\"elementor-element elementor-element-5dba2ce7 elementor-widget elementor-widget-text-editor\" data-id=\"5dba2ce7\" data-element_type=\"widget\" data-widget_type=\"text-editor.default\">\n\t\t\t\t<div class=\"elementor-widget-container\">\n\t\t\t<style>\/*! elementor - v3.16.0 - 12-09-2023 *\/\n.elementor-widget-text-editor.elementor-drop-cap-view-stacked .elementor-drop-cap{background-color:#69727d;color:#fff}.elementor-widget-text-editor.elementor-drop-cap-view-framed .elementor-drop-cap{color:#69727d;border:3px solid;background-color:transparent}.elementor-widget-text-editor:not(.elementor-drop-cap-view-default) .elementor-drop-cap{margin-top:8px}.elementor-widget-text-editor:not(.elementor-drop-cap-view-default) .elementor-drop-cap-letter{width:1em;height:1em}.elementor-widget-text-editor .elementor-drop-cap{float:left;text-align:center;line-height:1;font-size:50px}.elementor-widget-text-editor .elementor-drop-cap-letter{display:inline-block}<\/style>\t\t\t\t<!-- wp:paragraph -->\n<p><b>Pol\u00edtica de Cookies<\/b><\/p>\n<!-- \/wp:paragraph --><!-- wp:paragraph -->\n<p>Las cookies son un fichero que se descarga en el ordenador al acceder a determinadas p\u00e1ginas web, permitiendo almacenar y recuperar informaci\u00f3n sobre los h\u00e1bitos de navegaci\u00f3n de un usuario o su equipo (entre otras cosas). Dependiendo de la informaci\u00f3n que contengan y de la forma en que se utilice el equipo, pueden emplearse para reconocer al usuario. El navegador del usuario memoriza las cookies en el disco duro solamente durante la sesi\u00f3n actual, ocupando un espacio de memoria m\u00ednimo y sin perjudicar el ordenador. Las cookies no contienen ninguna clase de informaci\u00f3n personal espec\u00edfica y la mayor\u00eda se borran del disco duro al finalizar la sesi\u00f3n de navegador (cookies de sesi\u00f3n).<\/p>\n<p>Muchos navegadores aceptan las cookies como est\u00e1ndar e, independientemente del tipo que sean, permiten o impiden las cookies temporales o memorizadas en los ajustes de seguridad.<\/p>\n<p>Sin su expreso consentimiento \u2013mediante la activaci\u00f3n de las cookies en el navegador\u2013, farmaciafloridaportazgo.com no enlazar\u00e1 en las cookies los datos memorizados con informaci\u00f3n personal proporcionados en el momento del registro o la compra.<\/p>\n<p><b>\u00bfQu\u00e9 tipos de cookies utiliza esta p\u00e1gina web?<\/b><\/p>\n<p>\u2013\u00a0<b>Cookies t\u00e9cnicas<\/b>. Permiten la navegaci\u00f3n a trav\u00e9s de una p\u00e1gina web, plataforma o aplicaci\u00f3n, as\u00ed como la utilizaci\u00f3n de diferentes opciones o servicios: controlar el tr\u00e1fico y la comunicaci\u00f3n de datos, identificar la sesi\u00f3n, acceder a partes restringidas, recordar los elementos que integran un pedido, efectuar la compra de un pedido, realizar la solicitud de inscripci\u00f3n o participaci\u00f3n en un evento, utilizar elementos de seguridad durante la navegaci\u00f3n, almacenar contenidos para la difusi\u00f3n de videos o sonido, o compartir contenidos a trav\u00e9s de redes sociales.<\/p>\n<p>\u2013\u00a0<b>Cookies de personalizaci\u00f3n<\/b>. Permiten acceder al servicio con algunas caracter\u00edsticas generales predefinidas en funci\u00f3n de una serie de criterios en el terminal del usuario: el idioma, el tipo de navegador a trav\u00e9s del cual accede al servicio, la configuraci\u00f3n regional desde donde accede al servicio, etc.<\/p>\n<p>\u2013\u00a0<b>Cookies de an\u00e1lisis<\/b>. Ya sean tratadas por nosotros o por terceros, permiten cuantificar el n\u00famero de usuarios y as\u00ed realizar la medici\u00f3n y el an\u00e1lisis estad\u00edstico sobre la utilizaci\u00f3n del servicio ofertado. Para ello, se analiza la navegaci\u00f3n en la p\u00e1gina web a fin de mejorar la oferta de productos y\/o servicios.<\/p>\n<p>\u2013\u00a0<b>Cookies de terceros<\/b>. multiacustica.com puede utilizar servicios de terceros que recopilar\u00e1n informaci\u00f3n con fines estad\u00edsticos sobre el uso del sitio web por parte del usuario, as\u00ed como para la prestaci\u00f3n de servicios relacionados con la actividad del sitio web y otros servicios de internet.<\/p>\n<p>Concretamente, esta p\u00e1gina web utiliza:<\/p>\n<p>Addthis<\/p>\n<p>Es un servicio que permite compartir el contenido de multiacustica.com en redes sociales mediante iconos identificativos. Utiliza cookies t\u00e9cnicas para su funcionamiento y cookies de personalizaci\u00f3n para recordar la configuraci\u00f3n que el usuario hace de los iconos de las redes sociales.<\/p>\n<p>http:\/\/www.addthis.com\/privacy<\/p>\n<p>Facebook<\/p>\n<p>multiacustica.com utiliza diferentes servicios de Facebook que, a su vez, hacen uso de cookies t\u00e9cnicas y de personalizaci\u00f3n. Estos servicios son el \u00ablike box\u00bb y el \u00ablike button\u00bb.<\/p>\n<p>http:\/\/es-es.facebook.com\/help\/cookies<\/p>\n<p>Youtube<\/p>\n<p>multiacustica.com muestra videos de Youtube en diferentes apartados del sitio web. Estos videos hacen uso de cookies t\u00e9cnicas y de personalizaci\u00f3n para su correcto funcionamiento.<\/p>\n<p>https:\/\/www.google.com\/policies\/technologies\/cookies\/<\/p>\n<p>Este sitio web tambi\u00e9n utiliza Google Analytics, un servicio anal\u00edtico de web que ofrece Google Inc., con sede central en 1600 Amphitheatre Parkway, Mountain View, California 94043 (Estados Unidos). Para la prestaci\u00f3n de dichos servicios se emplean cookies que recopilan toda la informaci\u00f3n (incluida la direcci\u00f3n IP del usuario), la cual ser\u00e1 transmitida, tratada y almacenada por Google en los t\u00e9rminos fijados en la webGoogle.com. Ello supone la posible transmisi\u00f3n de esta informaci\u00f3n a terceros por razones de exigencia legal o a fin de ser procesada por cuenta de Google.<\/p>\n<p>Al utilizar este sitio web, el usuario acepta expresamente el tratamiento de la informaci\u00f3n recabada en la forma y con los fines anteriormente mencionados. Asimismo, reconoce la posibilidad de rechazar el tratamiento de tales datos o la informaci\u00f3n mediante la selecci\u00f3n de la configuraci\u00f3n apropiada para este fin en su navegador. No obstante, es posible que esta opci\u00f3n de bloqueo de las cookies en el navegador no permita el uso pleno de todas las funcionalidades del sitio web.<\/p>\n<p>Usted puede permitir, bloquear o eliminar las cookies instaladas mediante la configuraci\u00f3n de las opciones del navegador:<\/p>\n<p>Chrome<\/p>\n<p>Explorer<\/p>\n<p>Firefox<\/p>\n<p>Safari<\/p>\n<p>Si tiene dudas sobre esta pol\u00edtica de cookies, puede contactar con Farmacia Florida Portazgo\u00a0<\/p>\n<!-- \/wp:paragraph -->\t\t\t\t\t\t<\/div>\n\t\t\t\t<\/div>\n\t\t\t\t\t<\/div>\n\t\t\t\t<\/div>\n\t\t\t\t\t\t\t<\/div>\n\t\t","protected":false},"excerpt":{"rendered":"<p>Pol\u00edtica de Cookies Las cookies son un fichero que se descarga en el ordenador al acceder a determinadas p\u00e1ginas web, permitiendo almacenar y recuperar informaci\u00f3n sobre los h\u00e1bitos de navegaci\u00f3n de un usuario o su equipo (entre otras cosas). Dependiendo de la informaci\u00f3n que contengan y de la forma en que se utilice el equipo, [&hellip;]<\/p>\n","protected":false},"author":1,"featured_media":0,"parent":0,"menu_order":0,"comment_status":"closed","ping_status":"closed","template":"","meta":{"footnotes":""},"class_list":["post-778","page","type-page","status-publish","hentry"],"acf":[],"yoast_head":"<!-- This site is optimized with the Yoast SEO plugin v21.1 - https:\/\/yoast.com\/wordpress\/plugins\/seo\/ -->\n<title>Pol\u00edtica de cookies - Farmacia Florida-Portazgo<\/title>\n<meta name=\"robots\" content=\"noindex, follow, max-snippet:-1, max-image-preview:large, max-video-preview:-1\" \/>\n<meta property=\"og:locale\" content=\"es_ES\" \/>\n<meta property=\"og:type\" content=\"article\" \/>\n<meta property=\"og:title\" content=\"Pol\u00edtica de cookies - Farmacia Florida-Portazgo\" \/>\n<meta property=\"og:description\" content=\"Pol\u00edtica de Cookies Las cookies son un fichero que se descarga en el ordenador al acceder a determinadas p\u00e1ginas web, permitiendo almacenar y recuperar informaci\u00f3n sobre los h\u00e1bitos de navegaci\u00f3n de un usuario o su equipo (entre otras cosas). Dependiendo de la informaci\u00f3n que contengan y de la forma en que se utilice el equipo, [&hellip;]\" \/>\n<meta property=\"og:url\" content=\"https:\/\/farmaciaflorida.gurumk.com\/?page_id=778\" \/>\n<meta property=\"og:site_name\" content=\"Farmacia Florida-Portazgo\" \/>\n<meta property=\"article:modified_time\" content=\"2024-01-15T08:40:40+00:00\" \/>\n<meta name=\"twitter:card\" content=\"summary_large_image\" \/>\n<meta name=\"twitter:label1\" content=\"Tiempo de lectura\" \/>\n\t<meta name=\"twitter:data1\" content=\"4 minutos\" \/>\n<script type=\"application\/ld+json\" class=\"yoast-schema-graph\">{\"@context\":\"https:\/\/schema.org\",\"@graph\":[{\"@type\":\"WebPage\",\"@id\":\"https:\/\/farmaciaflorida.gurumk.com\/?page_id=778\",\"url\":\"https:\/\/farmaciaflorida.gurumk.com\/?page_id=778\",\"name\":\"Pol\u00edtica de cookies - Farmacia Florida-Portazgo\",\"isPartOf\":{\"@id\":\"https:\/\/farmaciaflorida.gurumk.com\/#website\"},\"datePublished\":\"2024-01-15T08:35:01+00:00\",\"dateModified\":\"2024-01-15T08:40:40+00:00\",\"breadcrumb\":{\"@id\":\"https:\/\/farmaciaflorida.gurumk.com\/?page_id=778#breadcrumb\"},\"inLanguage\":\"es\",\"potentialAction\":[{\"@type\":\"ReadAction\",\"target\":[\"https:\/\/farmaciaflorida.gurumk.com\/?page_id=778\"]}]},{\"@type\":\"BreadcrumbList\",\"@id\":\"https:\/\/farmaciaflorida.gurumk.com\/?page_id=778#breadcrumb\",\"itemListElement\":[{\"@type\":\"ListItem\",\"position\":1,\"name\":\"Portada\",\"item\":\"https:\/\/farmaciaflorida.gurumk.com\/\"},{\"@type\":\"ListItem\",\"position\":2,\"name\":\"Pol\u00edtica de cookies\"}]},{\"@type\":\"WebSite\",\"@id\":\"https:\/\/farmaciaflorida.gurumk.com\/#website\",\"url\":\"https:\/\/farmaciaflorida.gurumk.com\/\",\"name\":\"Farmacia Florida-Portazgo\",\"description\":\"\",\"potentialAction\":[{\"@type\":\"SearchAction\",\"target\":{\"@type\":\"EntryPoint\",\"urlTemplate\":\"https:\/\/farmaciaflorida.gurumk.com\/?s={search_term_string}\"},\"query-input\":\"required name=search_term_string\"}],\"inLanguage\":\"es\"}]}<\/script>\n<!-- \/ Yoast SEO plugin. -->","yoast_head_json":{"title":"Pol\u00edtica de cookies - Farmacia Florida-Portazgo","robots":{"index":"noindex","follow":"follow","max-snippet":"max-snippet:-1","max-image-preview":"max-image-preview:large","max-video-preview":"max-video-preview:-1"},"og_locale":"es_ES","og_type":"article","og_title":"Pol\u00edtica de cookies - Farmacia Florida-Portazgo","og_description":"Pol\u00edtica de Cookies Las cookies son un fichero que se descarga en el ordenador al acceder a determinadas p\u00e1ginas web, permitiendo almacenar y recuperar informaci\u00f3n sobre los h\u00e1bitos de navegaci\u00f3n de un usuario o su equipo (entre otras cosas). Dependiendo de la informaci\u00f3n que contengan y de la forma en que se utilice el equipo, [&hellip;]","og_url":"https:\/\/farmaciaflorida.gurumk.com\/?page_id=778","og_site_name":"Farmacia Florida-Portazgo","article_modified_time":"2024-01-15T08:40:40+00:00","twitter_card":"summary_large_image","twitter_misc":{"Tiempo de lectura":"4 minutos"},"schema":{"@context":"https:\/\/schema.org","@graph":[{"@type":"WebPage","@id":"https:\/\/farmaciaflorida.gurumk.com\/?page_id=778","url":"https:\/\/farmaciaflorida.gurumk.com\/?page_id=778","name":"Pol\u00edtica de cookies - Farmacia Florida-Portazgo","isPartOf":{"@id":"https:\/\/farmaciaflorida.gurumk.com\/#website"},"datePublished":"2024-01-15T08:35:01+00:00","dateModified":"2024-01-15T08:40:40+00:00","breadcrumb":{"@id":"https:\/\/farmaciaflorida.gurumk.com\/?page_id=778#breadcrumb"},"inLanguage":"es","potentialAction":[{"@type":"ReadAction","target":["https:\/\/farmaciaflorida.gurumk.com\/?page_id=778"]}]},{"@type":"BreadcrumbList","@id":"https:\/\/farmaciaflorida.gurumk.com\/?page_id=778#breadcrumb","itemListElement":[{"@type":"ListItem","position":1,"name":"Portada","item":"https:\/\/farmaciaflorida.gurumk.com\/"},{"@type":"ListItem","position":2,"name":"Pol\u00edtica de cookies"}]},{"@type":"WebSite","@id":"https:\/\/farmaciaflorida.gurumk.com\/#website","url":"https:\/\/farmaciaflorida.gurumk.com\/","name":"Farmacia Florida-Portazgo","description":"","potentialAction":[{"@type":"SearchAction","target":{"@type":"EntryPoint","urlTemplate":"https:\/\/farmaciaflorida.gurumk.com\/?s={search_term_string}"},"query-input":"required name=search_term_string"}],"inLanguage":"es"}]}},"_links":{"self":[{"href":"https:\/\/farmaciaflorida.gurumk.com\/index.php?rest_route=\/wp\/v2\/pages\/778","targetHints":{"allow":["GET"]}}],"collection":[{"href":"https:\/\/farmaciaflorida.gurumk.com\/index.php?rest_route=\/wp\/v2\/pages"}],"about":[{"href":"https:\/\/farmaciaflorida.gurumk.com\/index.php?rest_route=\/wp\/v2\/types\/page"}],"author":[{"embeddable":true,"href":"https:\/\/farmaciaflorida.gurumk.com\/index.php?rest_route=\/wp\/v2\/users\/1"}],"replies":[{"embeddable":true,"href":"https:\/\/farmaciaflorida.gurumk.com\/index.php?rest_route=%2Fwp%2Fv2%2Fcomments&post=778"}],"version-history":[{"count":7,"href":"https:\/\/farmaciaflorida.gurumk.com\/index.php?rest_route=\/wp\/v2\/pages\/778\/revisions"}],"predecessor-version":[{"id":1902,"href":"https:\/\/farmaciaflorida.gurumk.com\/index.php?rest_route=\/wp\/v2\/pages\/778\/revisions\/1902"}],"wp:attachment":[{"href":"https:\/\/farmaciaflorida.gurumk.com\/index.php?rest_route=%2Fwp%2Fv2%2Fmedia&parent=778"}],"curies":[{"name":"wp","href":"https:\/\/api.w.org\/{rel}","templated":true}]}}