{"id":1903,"date":"2024-01-15T08:41:26","date_gmt":"2024-01-15T08:41:26","guid":{"rendered":"https:\/\/farmaciaflorida.gurumk.com\/?page_id=1903"},"modified":"2024-01-15T08:43:43","modified_gmt":"2024-01-15T08:43:43","slug":"politica-de-privacidad","status":"publish","type":"page","link":"https:\/\/farmaciaflorida.gurumk.com\/?page_id=1903","title":{"rendered":"Pol\u00edtica de privacidad"},"content":{"rendered":"\t\t<div data-elementor-type=\"wp-page\" data-elementor-id=\"1903\" class=\"elementor elementor-1903\">\n\t\t\t\t\t\t\t<div class=\"elementor-element elementor-element-600d7188 e-flex e-con-boxed e-con e-parent\" data-id=\"600d7188\" data-element_type=\"container\" data-settings=\"{&quot;jet_parallax_layout_list&quot;:[],&quot;content_width&quot;:&quot;boxed&quot;}\" data-core-v316-plus=\"true\">\n\t\t\t\t\t<div class=\"e-con-inner\">\n\t\t\t\t<div class=\"elementor-element elementor-element-5dba2ce7 elementor-widget elementor-widget-text-editor\" data-id=\"5dba2ce7\" data-element_type=\"widget\" data-widget_type=\"text-editor.default\">\n\t\t\t\t<div class=\"elementor-widget-container\">\n\t\t\t<style>\/*! elementor - v3.16.0 - 12-09-2023 *\/\n.elementor-widget-text-editor.elementor-drop-cap-view-stacked .elementor-drop-cap{background-color:#69727d;color:#fff}.elementor-widget-text-editor.elementor-drop-cap-view-framed .elementor-drop-cap{color:#69727d;border:3px solid;background-color:transparent}.elementor-widget-text-editor:not(.elementor-drop-cap-view-default) .elementor-drop-cap{margin-top:8px}.elementor-widget-text-editor:not(.elementor-drop-cap-view-default) .elementor-drop-cap-letter{width:1em;height:1em}.elementor-widget-text-editor .elementor-drop-cap{float:left;text-align:center;line-height:1;font-size:50px}.elementor-widget-text-editor .elementor-drop-cap-letter{display:inline-block}<\/style>\t\t\t\t<!-- wp:paragraph -->\n<p><b>Objeto<\/b><\/p>\n<p>El sitio web farmaciafloridaportazgo.com proporciona informaci\u00f3n sobre los productos que su titular comercializa y sirve como plataforma de venta de dichos productos.<\/p>\n<p><b>Propiedad Intelectual<\/b><\/p>\n<p>Los contenidos de este sitio web, incluyendo, entre otros, im\u00e1genes, logotipos, gr\u00e1ficos, animaciones y textos, cualesquiera que sea su formato, as\u00ed como el nombre de dominio www.farmaciafloridaportazgo.com propiedad del Titular. En el caso de las marcas en venta en la tienda online, el Titular ha obtenido la autorizaci\u00f3n de sus leg\u00edtimos propietarios para su uso. Dichos contenidos est\u00e1n protegidos por las leyes y tratados internacionales en materia de propiedad intelectual e industrial, as\u00ed como por la normativa reguladora de los nombres de dominio.<\/p>\n<p>Se permite el uso de enlaces a esta web siempre que no supongan un perjuicio para la imagen e intereses del titular.<\/p>\n<p><b>Protecci\u00f3n de Datos de Car\u00e1cter Personal<\/b><\/p>\n<p>Cuando navega por este sitio web, de forma autom\u00e1tica Ud. facilita al servidor de la web informaci\u00f3n relativa a su direcci\u00f3n IP, fecha y hora de acceso, el enlace que le ha reenviado a este sitio web, su sistema operativo y el navegador utilizado. El Titular no puede obtener por s\u00ed solo, ni tiene intenci\u00f3n de hacerlo a menos que se le cause alg\u00fan perjuicio, informaci\u00f3n alguna acerca del titular de la conexi\u00f3n a Internet a la que corresponde. Estos datos, recogidos a trav\u00e9s de cookies, ser\u00e1n guardados y utilizados \u00fanicamente para el control y realizaci\u00f3n de estad\u00edsticas de acceso y visitas al sitio web, y en ning\u00fan caso ser\u00e1n comunicados o cedidos a terceros.<\/p>\n<p>Las cookies pueden ser borradas, aceptadas o bloqueadas seg\u00fan desee, para esto s\u00f3lo debe configurar convenientemente el navegador web.<\/p>\n<p>En caso de que Ud. establezca alg\u00fan tipo de comunicaci\u00f3n con el Titular, ya sea por tel\u00e9fono, fax, correo ordinario o electr\u00f3nico, se suscriba a su bolet\u00edn, se registre como usuario o realice una compra, sus datos ser\u00e1n guardados e incluidos en un fichero propiedad del Titular, con la finalidad de responder a su consulta, sugerencia o queja, informar o prestar el servicio solicitado. Fuera de los casos legalmente establecidos, sus datos no ser\u00e1n comunicados ni cedidos a terceros sin su consentimiento expreso. Dicho fichero se encuentra convenientemente inscrito en el Registro General de la Agencia Espa\u00f1ola de Protecci\u00f3n de Datos y sobre \u00e9l se aplican las medidas t\u00e9cnicas, legales y organizativas establecidas en la normativa sobre protecci\u00f3n de datos de car\u00e1cter personal para evitar cualquier acceso, alteraci\u00f3n, p\u00e9rdida o tratamiento no autorizados.<\/p>\n<p>Tiene Ud. derecho a acceder a dicho fichero para consultar sus datos, rectificarlos o cancelarlos, as\u00ed como a oponerse a todo tratamiento respecto de los mismos, con las excepciones y l\u00edmites establecidos en la legislaci\u00f3n aplicable. En caso de que desee ejercer dichos derechos, dirija una solicitud firmada a la direcci\u00f3n indicada: C\/ S\u00e1nchez Mora, 3, 21800 Moguer, \u00a0junto a una copia de su DNI o env\u00edenos un correo electr\u00f3nico a info@suroptica.com junto a una copia de su DNI.<\/p>\n<p><b>Limitaci\u00f3n de Responsabilidad<\/b><\/p>\n<p>Los enlaces que aparecen en este sitio web se facilitan con la finalidad de ampliar la informaci\u00f3n. Su inclusi\u00f3n no implica la aceptaci\u00f3n de dichos contenidos, ni la asociaci\u00f3n del Titular con los responsables de dichos sitios web, por lo que rechaza toda responsabilidad en relaci\u00f3n con los mismos, as\u00ed como por los da\u00f1os que pudieran causarse por cualquier motivo en su sistema inform\u00e1tico, documentos o ficheros.<\/p>\n<p>El Titular no garantiza la fiabilidad, disponibilidad o continuidad de este sitio web ni de sus contenidos por motivos t\u00e9cnicos, de seguridad, control o mantenimiento del servicio, por fallos debidos al servidor que aloja los contenidos o de otros intermediarios o proveedores, por ataques contra el sistema inform\u00e1tico, ni por cualesquiera otros motivos que se deriven de causas que escapen a su control, por lo que se exime de cualquier responsabilidad, directa o indirecta, por los mismos.<\/p>\n<p><b>Modificaciones y Actualizaciones<\/b><\/p>\n<p>El Titular se reserva la facultad de efectuar, en cualquier momento y sin necesidad de previo aviso, modificaciones y actualizaciones de la informaci\u00f3n y productos contenidos en el sitio web, de la configuraci\u00f3n, disponibilidad y presentaci\u00f3n de \u00e9ste, as\u00ed como del presente Aviso Legal.<\/p>\n<p><b>Art\u00edculos seg\u00fan disponibilidad<\/b><\/p>\n<p>La fecha de entrega m\u00e1xima se establece en 72 horas, pudiendo demorarse la fecha de entrega de algunos productos seg\u00fan su disponibilidad. Consulte las posibilidades de entrega con el servicio de atenci\u00f3n al cliente.<\/p>\n<p><b>Ley aplicable y foro\u00a0<\/b><\/p>\n<p>Las cuestiones relacionadas con el uso de esta web o sus contenidos se regir\u00e1n y ser\u00e1n interpretadas conforme al presente Aviso Legal y la legislaci\u00f3n espa\u00f1ola, someti\u00e9ndose las partes, salvo en los casos en que no est\u00e9 legalmente permitido, a la jurisdicci\u00f3n de los Juzgados y Tribunales de la ciudad de Alicante (Espa\u00f1a), con renuncia de forma expresa a cualquier otro foro que pudiera corresponderles.<\/p>\n<!-- \/wp:paragraph -->\t\t\t\t\t\t<\/div>\n\t\t\t\t<\/div>\n\t\t\t\t\t<\/div>\n\t\t\t\t<\/div>\n\t\t\t\t\t\t\t<\/div>\n\t\t","protected":false},"excerpt":{"rendered":"<p>Objeto El sitio web farmaciafloridaportazgo.com proporciona informaci\u00f3n sobre los productos que su titular comercializa y sirve como plataforma de venta de dichos productos. Propiedad Intelectual Los contenidos de este sitio web, incluyendo, entre otros, im\u00e1genes, logotipos, gr\u00e1ficos, animaciones y textos, cualesquiera que sea su formato, as\u00ed como el nombre de dominio www.farmaciafloridaportazgo.com propiedad del Titular. [&hellip;]<\/p>\n","protected":false},"author":1,"featured_media":0,"parent":0,"menu_order":0,"comment_status":"closed","ping_status":"closed","template":"","meta":{"footnotes":""},"class_list":["post-1903","page","type-page","status-publish","hentry"],"acf":[],"yoast_head":"<!-- This site is optimized with the Yoast SEO plugin v21.1 - https:\/\/yoast.com\/wordpress\/plugins\/seo\/ -->\n<title>Pol\u00edtica de privacidad - Farmacia Florida-Portazgo<\/title>\n<meta name=\"robots\" content=\"noindex, follow, max-snippet:-1, max-image-preview:large, max-video-preview:-1\" \/>\n<meta property=\"og:locale\" content=\"es_ES\" \/>\n<meta property=\"og:type\" content=\"article\" \/>\n<meta property=\"og:title\" content=\"Pol\u00edtica de privacidad - Farmacia Florida-Portazgo\" \/>\n<meta property=\"og:description\" content=\"Objeto El sitio web farmaciafloridaportazgo.com proporciona informaci\u00f3n sobre los productos que su titular comercializa y sirve como plataforma de venta de dichos productos. Propiedad Intelectual Los contenidos de este sitio web, incluyendo, entre otros, im\u00e1genes, logotipos, gr\u00e1ficos, animaciones y textos, cualesquiera que sea su formato, as\u00ed como el nombre de dominio www.farmaciafloridaportazgo.com propiedad del Titular. [&hellip;]\" \/>\n<meta property=\"og:url\" content=\"https:\/\/farmaciaflorida.gurumk.com\/?page_id=1903\" \/>\n<meta property=\"og:site_name\" content=\"Farmacia Florida-Portazgo\" \/>\n<meta property=\"article:modified_time\" content=\"2024-01-15T08:43:43+00:00\" \/>\n<meta name=\"twitter:card\" content=\"summary_large_image\" \/>\n<meta name=\"twitter:label1\" content=\"Tiempo de lectura\" \/>\n\t<meta name=\"twitter:data1\" content=\"4 minutos\" \/>\n<script type=\"application\/ld+json\" class=\"yoast-schema-graph\">{\"@context\":\"https:\/\/schema.org\",\"@graph\":[{\"@type\":\"WebPage\",\"@id\":\"https:\/\/farmaciaflorida.gurumk.com\/?page_id=1903\",\"url\":\"https:\/\/farmaciaflorida.gurumk.com\/?page_id=1903\",\"name\":\"Pol\u00edtica de privacidad - Farmacia Florida-Portazgo\",\"isPartOf\":{\"@id\":\"https:\/\/farmaciaflorida.gurumk.com\/#website\"},\"datePublished\":\"2024-01-15T08:41:26+00:00\",\"dateModified\":\"2024-01-15T08:43:43+00:00\",\"breadcrumb\":{\"@id\":\"https:\/\/farmaciaflorida.gurumk.com\/?page_id=1903#breadcrumb\"},\"inLanguage\":\"es\",\"potentialAction\":[{\"@type\":\"ReadAction\",\"target\":[\"https:\/\/farmaciaflorida.gurumk.com\/?page_id=1903\"]}]},{\"@type\":\"BreadcrumbList\",\"@id\":\"https:\/\/farmaciaflorida.gurumk.com\/?page_id=1903#breadcrumb\",\"itemListElement\":[{\"@type\":\"ListItem\",\"position\":1,\"name\":\"Portada\",\"item\":\"https:\/\/farmaciaflorida.gurumk.com\/\"},{\"@type\":\"ListItem\",\"position\":2,\"name\":\"Pol\u00edtica de privacidad\"}]},{\"@type\":\"WebSite\",\"@id\":\"https:\/\/farmaciaflorida.gurumk.com\/#website\",\"url\":\"https:\/\/farmaciaflorida.gurumk.com\/\",\"name\":\"Farmacia Florida-Portazgo\",\"description\":\"\",\"potentialAction\":[{\"@type\":\"SearchAction\",\"target\":{\"@type\":\"EntryPoint\",\"urlTemplate\":\"https:\/\/farmaciaflorida.gurumk.com\/?s={search_term_string}\"},\"query-input\":\"required name=search_term_string\"}],\"inLanguage\":\"es\"}]}<\/script>\n<!-- \/ Yoast SEO plugin. -->","yoast_head_json":{"title":"Pol\u00edtica de privacidad - Farmacia Florida-Portazgo","robots":{"index":"noindex","follow":"follow","max-snippet":"max-snippet:-1","max-image-preview":"max-image-preview:large","max-video-preview":"max-video-preview:-1"},"og_locale":"es_ES","og_type":"article","og_title":"Pol\u00edtica de privacidad - Farmacia Florida-Portazgo","og_description":"Objeto El sitio web farmaciafloridaportazgo.com proporciona informaci\u00f3n sobre los productos que su titular comercializa y sirve como plataforma de venta de dichos productos. Propiedad Intelectual Los contenidos de este sitio web, incluyendo, entre otros, im\u00e1genes, logotipos, gr\u00e1ficos, animaciones y textos, cualesquiera que sea su formato, as\u00ed como el nombre de dominio www.farmaciafloridaportazgo.com propiedad del Titular. [&hellip;]","og_url":"https:\/\/farmaciaflorida.gurumk.com\/?page_id=1903","og_site_name":"Farmacia Florida-Portazgo","article_modified_time":"2024-01-15T08:43:43+00:00","twitter_card":"summary_large_image","twitter_misc":{"Tiempo de lectura":"4 minutos"},"schema":{"@context":"https:\/\/schema.org","@graph":[{"@type":"WebPage","@id":"https:\/\/farmaciaflorida.gurumk.com\/?page_id=1903","url":"https:\/\/farmaciaflorida.gurumk.com\/?page_id=1903","name":"Pol\u00edtica de privacidad - Farmacia Florida-Portazgo","isPartOf":{"@id":"https:\/\/farmaciaflorida.gurumk.com\/#website"},"datePublished":"2024-01-15T08:41:26+00:00","dateModified":"2024-01-15T08:43:43+00:00","breadcrumb":{"@id":"https:\/\/farmaciaflorida.gurumk.com\/?page_id=1903#breadcrumb"},"inLanguage":"es","potentialAction":[{"@type":"ReadAction","target":["https:\/\/farmaciaflorida.gurumk.com\/?page_id=1903"]}]},{"@type":"BreadcrumbList","@id":"https:\/\/farmaciaflorida.gurumk.com\/?page_id=1903#breadcrumb","itemListElement":[{"@type":"ListItem","position":1,"name":"Portada","item":"https:\/\/farmaciaflorida.gurumk.com\/"},{"@type":"ListItem","position":2,"name":"Pol\u00edtica de privacidad"}]},{"@type":"WebSite","@id":"https:\/\/farmaciaflorida.gurumk.com\/#website","url":"https:\/\/farmaciaflorida.gurumk.com\/","name":"Farmacia Florida-Portazgo","description":"","potentialAction":[{"@type":"SearchAction","target":{"@type":"EntryPoint","urlTemplate":"https:\/\/farmaciaflorida.gurumk.com\/?s={search_term_string}"},"query-input":"required name=search_term_string"}],"inLanguage":"es"}]}},"_links":{"self":[{"href":"https:\/\/farmaciaflorida.gurumk.com\/index.php?rest_route=\/wp\/v2\/pages\/1903","targetHints":{"allow":["GET"]}}],"collection":[{"href":"https:\/\/farmaciaflorida.gurumk.com\/index.php?rest_route=\/wp\/v2\/pages"}],"about":[{"href":"https:\/\/farmaciaflorida.gurumk.com\/index.php?rest_route=\/wp\/v2\/types\/page"}],"author":[{"embeddable":true,"href":"https:\/\/farmaciaflorida.gurumk.com\/index.php?rest_route=\/wp\/v2\/users\/1"}],"replies":[{"embeddable":true,"href":"https:\/\/farmaciaflorida.gurumk.com\/index.php?rest_route=%2Fwp%2Fv2%2Fcomments&post=1903"}],"version-history":[{"count":4,"href":"https:\/\/farmaciaflorida.gurumk.com\/index.php?rest_route=\/wp\/v2\/pages\/1903\/revisions"}],"predecessor-version":[{"id":1910,"href":"https:\/\/farmaciaflorida.gurumk.com\/index.php?rest_route=\/wp\/v2\/pages\/1903\/revisions\/1910"}],"wp:attachment":[{"href":"https:\/\/farmaciaflorida.gurumk.com\/index.php?rest_route=%2Fwp%2Fv2%2Fmedia&parent=1903"}],"curies":[{"name":"wp","href":"https:\/\/api.w.org\/{rel}","templated":true}]}}